{"id":2,"date":"2014-09-05T04:41:07","date_gmt":"2014-09-05T04:41:07","guid":{"rendered":"http:\/\/localhost\/wordpress-4.0\/wordpress\/?page_id=2"},"modified":"2021-12-30T12:55:27","modified_gmt":"2021-12-30T12:55:27","slug":"sample-page","status":"publish","type":"page","link":"https:\/\/hibeg.ch\/wordpress\/","title":{"rendered":"DIMA Bohrerschleifmaschinen und Dichtungsapparate"},"content":{"rendered":"<h6><a title=\"Bestellung Dichtungsschneideapparat\" href=\"http:\/\/hibeg.ch\/wordpress\/?page_id=115\">F\u00fcr Dichtungsschneideapparate und Zubeh\u00f6r bitte hier klicken<\/a><\/h6>\n<p>Bei uns erhalten Sie die seit Jahrzehnten erfolgreich im Markt etablierte <b>DIMA Bohrerschleifmaschine<\/b> (Vorg\u00e4ngermodell: <b>ROTAX<\/b>) sowie die Original Ersatz- und Verbrauchsteile wie z.B. passende <b>Schleifscheiben (HSS, Diamantscheiben) und Abrichtdiamanten<\/b>. Die in der Schweiz hergestellte Maschine ist tausendfach bei unseren Kunden im t\u00e4glichen Betrieb. Die Anzahl der zufriedenen Kunden spricht f\u00fcr die herausragende Qualit\u00e4t dieser Bohrerschleifmaschine mit folgenden Eigenschaften:<a href=\"http:\/\/hibeg.ch\/wordpress\/wp-content\/uploads\/2014\/09\/DIMA-Bild.jpg\"><img loading=\"lazy\" decoding=\"async\" class=\"size-full wp-image-61 alignright\" src=\"https:\/\/hibeg.ch\/wordpress\/wp-content\/uploads\/2014\/09\/DIMA-Bild.jpg\" alt=\"DIMA-Bild\" width=\"240\" height=\"300\" \/><\/a><\/p>\n<ul>\n<li>F\u00fcr <b>Spiralbohrer HSS von 3-50 mm<\/b>, Stein- und Hammerbohrer<\/li>\n<li>Sehr <b>einfach<\/b> in der Handhabung<\/li>\n<li>Der <b>Winkel stimmt immer<\/b> &#8211; WER auch den Bohrer schleift<\/li>\n<li>Die Standzeiten Ihrer Bohrer verl\u00e4ngern sich wesentlich und <strong>Ihr<\/strong> <b>Bohrerverbrauch wird merklich sinken<\/b><\/li>\n<li><b>Schneller bohren<\/b> mit geschliffenen Spiralbohrern<\/li>\n<li><b>Sie sparen viel Zeit und Geld &#8211; Rechnen Sie nach!<\/b><\/li>\n<li><b>Herausragende Qualit\u00e4t mit 5 Jahren Garantie<\/b><\/li>\n<li><b>Hergestellt in der Schweiz<\/b> mit jahrzehntelanger Erfahrung<\/li>\n<li><a title=\"Bilder DIMA Bohrerschleifmaschine und Zubeh\u00f6r\" href=\"http:\/\/hibeg.ch\/wordpress\/?page_id=156\"><strong>Weitere Bilder<\/strong><\/a><\/li>\n<li><strong><a href=\"http:\/\/hibeg.ch\/wordpress\/?page_id=64\">Hier klicken um neue Maschinen und Ersatz- sowie Verbrauchsteile direkt online zu bestellen<\/a><\/strong><\/li>\n<li><a href=\"https:\/\/hibeg.ch\/wordpress\/?page_id=228\"><strong>Bedienungsanleitung<\/strong><\/a><\/li>\n<\/ul>\n<p style=\"padding-left: 180px;\">\u00a0<\/p>\n\n\n<p><\/p>\n","protected":false},"excerpt":{"rendered":"<p>F\u00fcr Dichtungsschneideapparate und Zubeh\u00f6r bitte hier klicken Bei uns erhalten Sie die seit Jahrzehnten erfolgreich im Markt etablierte DIMA Bohrerschleifmaschine (Vorg\u00e4ngermodell: ROTAX) sowie die Original Ersatz- und Verbrauchsteile wie z.B. passende Schleifscheiben (HSS, Diamantscheiben) und Abrichtdiamanten. Die in der Schweiz hergestellte Maschine ist tausendfach bei unseren Kunden im t\u00e4glichen Betrieb. Die Anzahl der zufriedenen Kunden [&hellip;]<\/p>\n","protected":false},"author":1,"featured_media":0,"parent":0,"menu_order":0,"comment_status":"closed","ping_status":"closed","template":"page-templates\/front-page.php","meta":{"footnotes":""},"class_list":["post-2","page","type-page","status-publish","hentry"],"_links":{"self":[{"href":"https:\/\/hibeg.ch\/wordpress\/index.php?rest_route=\/wp\/v2\/pages\/2","targetHints":{"allow":["GET"]}}],"collection":[{"href":"https:\/\/hibeg.ch\/wordpress\/index.php?rest_route=\/wp\/v2\/pages"}],"about":[{"href":"https:\/\/hibeg.ch\/wordpress\/index.php?rest_route=\/wp\/v2\/types\/page"}],"author":[{"embeddable":true,"href":"https:\/\/hibeg.ch\/wordpress\/index.php?rest_route=\/wp\/v2\/users\/1"}],"replies":[{"embeddable":true,"href":"https:\/\/hibeg.ch\/wordpress\/index.php?rest_route=%2Fwp%2Fv2%2Fcomments&post=2"}],"version-history":[{"count":12,"href":"https:\/\/hibeg.ch\/wordpress\/index.php?rest_route=\/wp\/v2\/pages\/2\/revisions"}],"predecessor-version":[{"id":233,"href":"https:\/\/hibeg.ch\/wordpress\/index.php?rest_route=\/wp\/v2\/pages\/2\/revisions\/233"}],"wp:attachment":[{"href":"https:\/\/hibeg.ch\/wordpress\/index.php?rest_route=%2Fwp%2Fv2%2Fmedia&parent=2"}],"curies":[{"name":"wp","href":"https:\/\/api.w.org\/{rel}","templated":true}]}}